{"id":61,"date":"2019-08-27T10:49:38","date_gmt":"2019-08-27T14:49:38","guid":{"rendered":"https:\/\/cfcc.edu\/academic-career-readiness\/?page_id=61"},"modified":"2024-12-11T15:34:19","modified_gmt":"2024-12-11T20:34:19","slug":"ingles-como-segundo-idioma","status":"publish","type":"page","link":"https:\/\/cfcc.edu\/academic-career-readiness\/ingles-como-segundo-idioma\/","title":{"rendered":"Ingl&eacute;s como segundo idioma"},"content":{"rendered":"<p>La oficina de ESL se encuentra en el primer piso del Edificio McLeod (McLeod Building), sal\u00f3n S-114.<\/p>\n<p>El programa de ESL es para adultos no angloparlantes. Hay clases para personas de todos niveles de habilidad en ingl\u00e9s, tanto las que no hablan ingl\u00e9s como las que est\u00e1n avanzados. <strong>Todas las clases de ESL son gratis!<\/strong><\/p>\n<p>Las clases de ESL ayudan a los adultos a comunicarse bien, a conseguir trabajo, a ayudar a sus hijos con trabajos escolares y a entender la cultura y la historia de los Estados Unidos.<\/p>\n<!--more-->\n<h4>UBICACI\u00d3N DE LAS CLASES DE ESL<\/h4>\n<ul>\n<li>Wilmington Campus (en el centro), 411 Norte Calle Front, Wilmington<\/li>\n<li>North Campus, 4500 Calle Blue Clay, Castle Hayne<\/li>\n<li>Burgaw Center, 100 Este Calle Industrial, Burgaw<\/li>\n<li>Alston W. Burke Center en Surf City, 621 NC Hwy 210 E., Hampstead<\/li>\n<li>Y en l\u00ednea<\/li>\n<\/ul>\n<p>Favor de llamarnos acerca de estas clases:<\/p>\n<ul>\n<li>Centro de extensi\u00f3n Willard, 9955 NC Hwy 11, Willard<\/li>\n<li>Escuela Cape Fear Middle, 1886 NC Hwy 133, Rocky Point<\/li>\n<li>Centro de Aprendizaje Isl\u00e1mico de Wilmington, 315. N. 17 th St, Wilmington<\/li>\n<\/ul>\n<h4>INSCRIPCI\u00d3N<\/h4>\n<p><strong>PARA INSCRIBIRSE EN UNA CLASE DE ESL EN CUALQUIERA DE NUESTRAS UBICACIONES, INCLUSO EN L\u00cdNEA:<\/strong><\/p>\n<ul>\n<li>Asista a un registro de ESL de 2 d\u00edas y califique.<\/li>\n<li>Traiga su identificaci\u00f3n<\/li>\n<li>Debe tener 18 a\u00f1os o m\u00e1s (si tiene 16 o 17 a\u00f1os, puede registrarse con un formulario de <a href=\"\/academic-career-readiness\/wp-content\/uploads\/sites\/48\/2025\/07\/PARENTAL-CONSENT-FOR-ACADEMIC-CAREER-READINESS.pdf\"> una forma de consentimiento firmada por los padres <\/a> y notariada.)<strong>SI NO asiste a una escuela p\u00fablica local.<\/strong><\/li>\n<li>Traiga una identificaci\u00f3n con foto con fecha de nacimiento y firma y aseg\u00farese de conocer su direcci\u00f3n completa.<\/li>\n<li> <a href=\"https:\/\/cfcc.edu\/academic-career-readiness\/esl-orientation-and-testing-registration\/\"> Haga clic aqu\u00ed para programar su cita de inscripci\u00f3n\/orientaci\u00f3n. <\/a> <\/ul>\n","protected":false},"excerpt":{"rendered":"<p>La oficina de ESL se encuentra en el primer piso del Edificio McLeod (McLeod Building), sal\u00f3n S-114. El programa de ESL es para adultos no angloparlantes. Hay clases para personas de todos niveles de habilidad en ingl\u00e9s, tanto las que no hablan ingl\u00e9s como las que est\u00e1n avanzados. Todas las clases de ESL son gratis! [&hellip;]<\/p>\n","protected":false},"author":7,"featured_media":154,"parent":0,"menu_order":0,"comment_status":"closed","ping_status":"closed","template":"","meta":{"_expiration-date-status":"","_expiration-date":0,"_expiration-date-type":"","_expiration-date-categories":[],"_expiration-date-options":[]},"acf":[],"yoast_head":"<!-- This site is optimized with the Yoast SEO plugin v20.8 - https:\/\/yoast.com\/wordpress\/plugins\/seo\/ -->\n<title>Ingl&eacute;s como segundo idioma - Academic and Career Readiness<\/title>\n<meta name=\"description\" content=\"Ingl&eacute;s como segundo idioma - La oficina de ESL se encuentra en el primer piso del Edificio McLeod (McLeod Building),\" \/>\n<meta name=\"robots\" content=\"index, follow, max-snippet:-1, max-image-preview:large, max-video-preview:-1\" \/>\n<link rel=\"canonical\" href=\"https:\/\/cfcc.edu\/academic-career-readiness\/ingles-como-segundo-idioma\/\" \/>\n<meta property=\"og:locale\" content=\"en_US\" \/>\n<meta property=\"og:type\" content=\"article\" \/>\n<meta property=\"og:title\" content=\"Ingl&eacute;s como segundo idioma - Academic and Career Readiness\" \/>\n<meta property=\"og:description\" content=\"La oficina de ESL se encuentra en el primer piso del Edificio McLeod (McLeod Building), sal\u00f3n S-114. El programa de ESL es para adultos no angloparlantes. Hay clases para personas de todos niveles de habilidad en ingl\u00e9s, tanto las que no hablan ingl\u00e9s como las que est\u00e1n avanzados. Todas las clases de ESL son gratis! [&hellip;]\" \/>\n<meta property=\"og:url\" content=\"https:\/\/cfcc.edu\/academic-career-readiness\/ingles-como-segundo-idioma\/\" \/>\n<meta property=\"og:site_name\" content=\"Academic and Career Readiness\" \/>\n<meta property=\"article:modified_time\" content=\"2024-12-11T20:34:19+00:00\" \/>\n<meta property=\"og:image\" content=\"https:\/\/cfcc.edu\/academic-career-readiness\/wp-content\/uploads\/sites\/48\/2019\/10\/hispanic-student.jpg\" \/>\n\t<meta property=\"og:image:width\" content=\"1200\" \/>\n\t<meta property=\"og:image:height\" content=\"627\" \/>\n\t<meta property=\"og:image:type\" content=\"image\/jpeg\" \/>\n<meta name=\"twitter:card\" content=\"summary_large_image\" \/>\n<meta name=\"twitter:label1\" content=\"Est. reading time\" \/>\n\t<meta name=\"twitter:data1\" content=\"2 minutes\" \/>\n<script type=\"application\/ld+json\" class=\"yoast-schema-graph\">{\"@context\":\"https:\/\/schema.org\",\"@graph\":[{\"@type\":\"WebPage\",\"@id\":\"https:\/\/cfcc.edu\/academic-career-readiness\/ingles-como-segundo-idioma\/\",\"url\":\"https:\/\/cfcc.edu\/academic-career-readiness\/ingles-como-segundo-idioma\/\",\"name\":\"Ingl&eacute;s como segundo idioma - Academic and Career Readiness\",\"isPartOf\":{\"@id\":\"https:\/\/cfcc.edu\/academic-career-readiness\/#website\"},\"datePublished\":\"2019-08-27T14:49:38+00:00\",\"dateModified\":\"2024-12-11T20:34:19+00:00\",\"breadcrumb\":{\"@id\":\"https:\/\/cfcc.edu\/academic-career-readiness\/ingles-como-segundo-idioma\/#breadcrumb\"},\"inLanguage\":\"en-US\",\"potentialAction\":[{\"@type\":\"ReadAction\",\"target\":[\"https:\/\/cfcc.edu\/academic-career-readiness\/ingles-como-segundo-idioma\/\"]}]},{\"@type\":\"BreadcrumbList\",\"@id\":\"https:\/\/cfcc.edu\/academic-career-readiness\/ingles-como-segundo-idioma\/#breadcrumb\",\"itemListElement\":[{\"@type\":\"ListItem\",\"position\":1,\"name\":\"Home\",\"item\":\"https:\/\/cfcc.edu\/academic-career-readiness\/\"},{\"@type\":\"ListItem\",\"position\":2,\"name\":\"Ingl&eacute;s como segundo idioma\"}]},{\"@type\":\"WebSite\",\"@id\":\"https:\/\/cfcc.edu\/academic-career-readiness\/#website\",\"url\":\"https:\/\/cfcc.edu\/academic-career-readiness\/\",\"name\":\"Academic and Career Readiness\",\"description\":\"\",\"potentialAction\":[{\"@type\":\"SearchAction\",\"target\":{\"@type\":\"EntryPoint\",\"urlTemplate\":\"https:\/\/cfcc.edu\/academic-career-readiness\/?s={search_term_string}\"},\"query-input\":\"required name=search_term_string\"}],\"inLanguage\":\"en-US\"}]}<\/script>\n<!-- \/ Yoast SEO plugin. -->","yoast_head_json":{"title":"Ingl&eacute;s como segundo idioma - Academic and Career Readiness","description":"Ingl&eacute;s como segundo idioma - La oficina de ESL se encuentra en el primer piso del Edificio McLeod (McLeod Building),","robots":{"index":"index","follow":"follow","max-snippet":"max-snippet:-1","max-image-preview":"max-image-preview:large","max-video-preview":"max-video-preview:-1"},"canonical":"https:\/\/cfcc.edu\/academic-career-readiness\/ingles-como-segundo-idioma\/","og_locale":"en_US","og_type":"article","og_title":"Ingl&eacute;s como segundo idioma - Academic and Career Readiness","og_description":"La oficina de ESL se encuentra en el primer piso del Edificio McLeod (McLeod Building), sal\u00f3n S-114. El programa de ESL es para adultos no angloparlantes. Hay clases para personas de todos niveles de habilidad en ingl\u00e9s, tanto las que no hablan ingl\u00e9s como las que est\u00e1n avanzados. Todas las clases de ESL son gratis! [&hellip;]","og_url":"https:\/\/cfcc.edu\/academic-career-readiness\/ingles-como-segundo-idioma\/","og_site_name":"Academic and Career Readiness","article_modified_time":"2024-12-11T20:34:19+00:00","og_image":[{"width":1200,"height":627,"url":"https:\/\/cfcc.edu\/academic-career-readiness\/wp-content\/uploads\/sites\/48\/2019\/10\/hispanic-student.jpg","type":"image\/jpeg"}],"twitter_card":"summary_large_image","twitter_misc":{"Est. reading time":"2 minutes"},"schema":{"@context":"https:\/\/schema.org","@graph":[{"@type":"WebPage","@id":"https:\/\/cfcc.edu\/academic-career-readiness\/ingles-como-segundo-idioma\/","url":"https:\/\/cfcc.edu\/academic-career-readiness\/ingles-como-segundo-idioma\/","name":"Ingl&eacute;s como segundo idioma - Academic and Career Readiness","isPartOf":{"@id":"https:\/\/cfcc.edu\/academic-career-readiness\/#website"},"datePublished":"2019-08-27T14:49:38+00:00","dateModified":"2024-12-11T20:34:19+00:00","breadcrumb":{"@id":"https:\/\/cfcc.edu\/academic-career-readiness\/ingles-como-segundo-idioma\/#breadcrumb"},"inLanguage":"en-US","potentialAction":[{"@type":"ReadAction","target":["https:\/\/cfcc.edu\/academic-career-readiness\/ingles-como-segundo-idioma\/"]}]},{"@type":"BreadcrumbList","@id":"https:\/\/cfcc.edu\/academic-career-readiness\/ingles-como-segundo-idioma\/#breadcrumb","itemListElement":[{"@type":"ListItem","position":1,"name":"Home","item":"https:\/\/cfcc.edu\/academic-career-readiness\/"},{"@type":"ListItem","position":2,"name":"Ingl&eacute;s como segundo idioma"}]},{"@type":"WebSite","@id":"https:\/\/cfcc.edu\/academic-career-readiness\/#website","url":"https:\/\/cfcc.edu\/academic-career-readiness\/","name":"Academic and Career Readiness","description":"","potentialAction":[{"@type":"SearchAction","target":{"@type":"EntryPoint","urlTemplate":"https:\/\/cfcc.edu\/academic-career-readiness\/?s={search_term_string}"},"query-input":"required name=search_term_string"}],"inLanguage":"en-US"}]}},"_links":{"self":[{"href":"https:\/\/cfcc.edu\/academic-career-readiness\/wp-json\/wp\/v2\/pages\/61"}],"collection":[{"href":"https:\/\/cfcc.edu\/academic-career-readiness\/wp-json\/wp\/v2\/pages"}],"about":[{"href":"https:\/\/cfcc.edu\/academic-career-readiness\/wp-json\/wp\/v2\/types\/page"}],"author":[{"embeddable":true,"href":"https:\/\/cfcc.edu\/academic-career-readiness\/wp-json\/wp\/v2\/users\/7"}],"replies":[{"embeddable":true,"href":"https:\/\/cfcc.edu\/academic-career-readiness\/wp-json\/wp\/v2\/comments?post=61"}],"version-history":[{"count":24,"href":"https:\/\/cfcc.edu\/academic-career-readiness\/wp-json\/wp\/v2\/pages\/61\/revisions"}],"predecessor-version":[{"id":583,"href":"https:\/\/cfcc.edu\/academic-career-readiness\/wp-json\/wp\/v2\/pages\/61\/revisions\/583"}],"wp:featuredmedia":[{"embeddable":true,"href":"https:\/\/cfcc.edu\/academic-career-readiness\/wp-json\/wp\/v2\/media\/154"}],"wp:attachment":[{"href":"https:\/\/cfcc.edu\/academic-career-readiness\/wp-json\/wp\/v2\/media?parent=61"}],"curies":[{"name":"wp","href":"https:\/\/api.w.org\/{rel}","templated":true}]}}