{"id":1621,"date":"2024-01-31T15:24:21","date_gmt":"2024-01-31T20:24:21","guid":{"rendered":"https:\/\/cfcc.edu\/admissions\/?page_id=1621"},"modified":"2026-03-11T09:09:51","modified_gmt":"2026-03-11T13:09:51","slug":"bienvenidos","status":"publish","type":"page","link":"https:\/\/cfcc.edu\/admissions\/bienvenidos\/","title":{"rendered":"\u00a1Bienvenidos!"},"content":{"rendered":"<h3>Bienvenido\/a al Cape Fear Community College<\/h3>\n<p>\u00a1Nos complace darte la bienvenida al Cape Fear Community College! Ya sea que est\u00e9s iniciando tu trayectoria educativa o continuando tus estudios, ofrecemos una amplia opci\u00f3n de programas y recursos diversos para respaldar tu \u00e9xito.<\/p>\n<p>En Cape Fear, nos enorgullece brindar oportunidades a todos. <\/p>\n<h4>Ofrecemos:<\/h4>\n<ul>\n<li><strong>Ingl\u00e9s como Segundo Idioma (ESL):<\/strong> Programas adaptados para respaldar la competencia ling\u00fc\u00edstica y el \u00e9xito acad\u00e9mico.\n<li><strong>Escuela Secundaria para Adultos y GED:<\/strong> Dise\u00f1ados sin costo para estudiantes que deseen obtener un diploma de escuela secundaria o equivalente.\n<li><strong>Formaci\u00f3n Profesional:<\/strong> Explora programas pr\u00e1cticos y relevantes para la industria dise\u00f1ados para prepararte para el mundo laboral.\n<li><strong>Programas de Transferencia Universitaria:<\/strong> Inicia tu camino hacia una licenciatura con nuestros programas de transferencia.<\/ul>\n<p>Descubre una comunidad solidaria comprometida con tu crecimiento y \u00e9xito.<\/p>\n<h4>Recursos y Apoyo en Cape Fear:<\/h4>\n<p>CFCC comprende la importancia del apoyo en tu trayectoria educativa. Aqu\u00ed hay algunos recursos para ayudarte a comenzar:<\/p>\n<ul>\n<li><strong>Servicios de Asesoramiento Acad\u00e9mico: <\/strong>Orientaci\u00f3n experta para planificar tu trayectoria acad\u00e9mica.\n<li><strong>Asistencia Financiera:<\/strong> Explora diversas opciones de ayuda financiera disponibles para ti.\n<li><strong>Tutor\u00edas y Recursos de Estudio:<\/strong> Apoyo adicional para tu \u00e9xito acad\u00e9mico.\n<li><strong>Organizaciones y Clubes Estudiantiles:<\/strong> Invol\u00facrate y aprovecha al m\u00e1ximo tu experiencia universitaria.<\/ul>\n<p><strong>(Nota: Si\u00e9ntete libre de utilizar la funci\u00f3n de traducci\u00f3n del sitio ubicada en la parte inferior izquierda de cada p\u00e1gina web.)<\/strong><\/p>\n<hr\/>\n<h4>\u00bfPor qu\u00e9 elegir Cape Fear Community College?<\/h4>\n<p>Descubre las razones por las cuales los estudiantes eligen Cape Fear para su trayectoria educativa:<\/p>\n<ul>\n<li><strong>Educaci\u00f3n de Calidad:<\/strong> Nuestro compromiso con proporcionar educaci\u00f3n de alta calidad.\n<li><strong>Programas y Cursos Diversos:<\/strong> Explora una variedad de programas adaptados a tus intereses.\n<li><strong>Comunidad Campus Comprometida: <\/strong>\u00danete a una comunidad vibrante de estudiantes.\n<li><strong>Oportunidades de Desarrollo Profesional:<\/strong> Accede a recursos para tu futura carrera.<\/ul>\n<hr\/>\n<p><iframe class=\"w-100\" style=\"aspect-ratio: 16 \/ 9;\" src=\"https:\/\/www.youtube.com\/embed\/lSCsWFSTg8k?si=EOGdZTRKmjVCA8FF\" title=\"YouTube video player\" frameborder=\"0\" allow=\"accelerometer; autoplay; clipboard-write; encrypted-media; gyroscope; picture-in-picture; web-share\" allowfullscreen><\/iframe><\/p>\n<h4>Como Empezar<\/h4>\n<p>\u00bfListo para dar el primer paso? As\u00ed es c\u00f3mo puedes comenzar en Cape Fear Community College:<\/p>\n<ul>\n<li><strong> <a href=\"https:\/\/cfcc.edu\/admissions\/\"> Solicita la admisi\u00f3n: <\/a> <\/strong> Inicia tu camino solicitando la admisi\u00f3n.<\/li>\n<li><strong> <a href=\"https:\/\/cfcc.edu\/campus-visits\/\"> Programa un Recorrido por el Campus: <\/a> <\/strong> Explora nuestro campus e instalaciones.<\/li>\n<\/ul>\n<h4>Recursos Adicionales<\/h4>\n<ul>\n<li> <a href=\"https:\/\/cfcc.edu\/admissions\/wp-content\/uploads\/sites\/46\/2024\/01\/Steps-to-Enroll-Flyer-Spanish-1-compressed.pdf\"> Pasos para Inscribirte <\/a> <\/li>\n<li> <a href=\"https:\/\/cfcc.edu\/academics\/programs-of-study\/\"> Lista de Programas Acad\u00e9micos <\/a> <\/li>\n<li> <a href=\"https:\/\/cfcc.edu\/campus-visits\/\"> Reserva un Recorrido: <\/a> <\/li>\n<li> <a href=\"https:\/\/cfcc.edu\/admissions\/wp-content\/uploads\/sites\/46\/2024\/02\/Spanish_English_Foreign_National_Final-2.pdf\" rel=\"noopener\" target=\"_blank\"> Estudiantes extranjeros y Internacionales: Lo que necesitas <\/a> <\/li>\n<\/ul>\n","protected":false},"excerpt":{"rendered":"<p>Bienvenido\/a al Cape Fear Community College \u00a1Nos complace darte la bienvenida al Cape Fear Community College! Ya sea que est\u00e9s iniciando tu trayectoria educativa o continuando tus estudios, ofrecemos una amplia opci\u00f3n de programas y recursos diversos para respaldar tu \u00e9xito. En Cape Fear, nos enorgullece brindar oportunidades a todos. Ofrecemos: Ingl\u00e9s como Segundo Idioma [&hellip;]<\/p>\n","protected":false},"author":55,"featured_media":1652,"parent":0,"menu_order":0,"comment_status":"closed","ping_status":"closed","template":"","meta":{"_expiration-date-status":"","_expiration-date":0,"_expiration-date-type":"","_expiration-date-categories":[],"_expiration-date-options":[]},"acf":[],"yoast_head":"<!-- This site is optimized with the Yoast SEO plugin v20.8 - https:\/\/yoast.com\/wordpress\/plugins\/seo\/ -->\n<title>\u00a1Bienvenidos! - Admissions<\/title>\n<meta name=\"description\" content=\"\u00a1Bienvenidos! - Bienvenido\/a al Cape Fear Community College \u00a1Nos complace darte la bienvenida al Cape Fear Community College! Ya sea\" \/>\n<meta name=\"robots\" content=\"index, follow, max-snippet:-1, max-image-preview:large, max-video-preview:-1\" \/>\n<link rel=\"canonical\" href=\"https:\/\/cfcc.edu\/admissions\/bienvenidos\/\" \/>\n<meta property=\"og:locale\" content=\"en_US\" \/>\n<meta property=\"og:type\" content=\"article\" \/>\n<meta property=\"og:title\" content=\"\u00a1Bienvenidos! - Admissions\" \/>\n<meta property=\"og:description\" content=\"Bienvenido\/a al Cape Fear Community College \u00a1Nos complace darte la bienvenida al Cape Fear Community College! Ya sea que est\u00e9s iniciando tu trayectoria educativa o continuando tus estudios, ofrecemos una amplia opci\u00f3n de programas y recursos diversos para respaldar tu \u00e9xito. En Cape Fear, nos enorgullece brindar oportunidades a todos. Ofrecemos: Ingl\u00e9s como Segundo Idioma [&hellip;]\" \/>\n<meta property=\"og:url\" content=\"https:\/\/cfcc.edu\/admissions\/bienvenidos\/\" \/>\n<meta property=\"og:site_name\" content=\"Admissions\" \/>\n<meta property=\"article:modified_time\" content=\"2026-03-11T13:09:51+00:00\" \/>\n<meta property=\"og:image\" content=\"https:\/\/cfcc.edu\/admissions\/wp-content\/uploads\/sites\/46\/2024\/02\/2023237-100-scaled-e1706816453261.jpg\" \/>\n\t<meta property=\"og:image:width\" content=\"2560\" \/>\n\t<meta property=\"og:image:height\" content=\"1420\" \/>\n\t<meta property=\"og:image:type\" content=\"image\/jpeg\" \/>\n<meta name=\"twitter:card\" content=\"summary_large_image\" \/>\n<meta name=\"twitter:label1\" content=\"Est. reading time\" \/>\n\t<meta name=\"twitter:data1\" content=\"2 minutes\" \/>\n<script type=\"application\/ld+json\" class=\"yoast-schema-graph\">{\"@context\":\"https:\/\/schema.org\",\"@graph\":[{\"@type\":\"WebPage\",\"@id\":\"https:\/\/cfcc.edu\/admissions\/bienvenidos\/\",\"url\":\"https:\/\/cfcc.edu\/admissions\/bienvenidos\/\",\"name\":\"\u00a1Bienvenidos! - Admissions\",\"isPartOf\":{\"@id\":\"https:\/\/cfcc.edu\/admissions\/#website\"},\"datePublished\":\"2024-01-31T20:24:21+00:00\",\"dateModified\":\"2026-03-11T13:09:51+00:00\",\"breadcrumb\":{\"@id\":\"https:\/\/cfcc.edu\/admissions\/bienvenidos\/#breadcrumb\"},\"inLanguage\":\"en-US\",\"potentialAction\":[{\"@type\":\"ReadAction\",\"target\":[\"https:\/\/cfcc.edu\/admissions\/bienvenidos\/\"]}]},{\"@type\":\"BreadcrumbList\",\"@id\":\"https:\/\/cfcc.edu\/admissions\/bienvenidos\/#breadcrumb\",\"itemListElement\":[{\"@type\":\"ListItem\",\"position\":1,\"name\":\"Home\",\"item\":\"https:\/\/cfcc.edu\/admissions\/\"},{\"@type\":\"ListItem\",\"position\":2,\"name\":\"\u00a1Bienvenidos!\"}]},{\"@type\":\"WebSite\",\"@id\":\"https:\/\/cfcc.edu\/admissions\/#website\",\"url\":\"https:\/\/cfcc.edu\/admissions\/\",\"name\":\"Admissions\",\"description\":\"\",\"potentialAction\":[{\"@type\":\"SearchAction\",\"target\":{\"@type\":\"EntryPoint\",\"urlTemplate\":\"https:\/\/cfcc.edu\/admissions\/?s={search_term_string}\"},\"query-input\":\"required name=search_term_string\"}],\"inLanguage\":\"en-US\"}]}<\/script>\n<!-- \/ Yoast SEO plugin. -->","yoast_head_json":{"title":"\u00a1Bienvenidos! - Admissions","description":"\u00a1Bienvenidos! - Bienvenido\/a al Cape Fear Community College \u00a1Nos complace darte la bienvenida al Cape Fear Community College! Ya sea","robots":{"index":"index","follow":"follow","max-snippet":"max-snippet:-1","max-image-preview":"max-image-preview:large","max-video-preview":"max-video-preview:-1"},"canonical":"https:\/\/cfcc.edu\/admissions\/bienvenidos\/","og_locale":"en_US","og_type":"article","og_title":"\u00a1Bienvenidos! - Admissions","og_description":"Bienvenido\/a al Cape Fear Community College \u00a1Nos complace darte la bienvenida al Cape Fear Community College! Ya sea que est\u00e9s iniciando tu trayectoria educativa o continuando tus estudios, ofrecemos una amplia opci\u00f3n de programas y recursos diversos para respaldar tu \u00e9xito. En Cape Fear, nos enorgullece brindar oportunidades a todos. Ofrecemos: Ingl\u00e9s como Segundo Idioma [&hellip;]","og_url":"https:\/\/cfcc.edu\/admissions\/bienvenidos\/","og_site_name":"Admissions","article_modified_time":"2026-03-11T13:09:51+00:00","og_image":[{"width":2560,"height":1420,"url":"https:\/\/cfcc.edu\/admissions\/wp-content\/uploads\/sites\/46\/2024\/02\/2023237-100-scaled-e1706816453261.jpg","type":"image\/jpeg"}],"twitter_card":"summary_large_image","twitter_misc":{"Est. reading time":"2 minutes"},"schema":{"@context":"https:\/\/schema.org","@graph":[{"@type":"WebPage","@id":"https:\/\/cfcc.edu\/admissions\/bienvenidos\/","url":"https:\/\/cfcc.edu\/admissions\/bienvenidos\/","name":"\u00a1Bienvenidos! - Admissions","isPartOf":{"@id":"https:\/\/cfcc.edu\/admissions\/#website"},"datePublished":"2024-01-31T20:24:21+00:00","dateModified":"2026-03-11T13:09:51+00:00","breadcrumb":{"@id":"https:\/\/cfcc.edu\/admissions\/bienvenidos\/#breadcrumb"},"inLanguage":"en-US","potentialAction":[{"@type":"ReadAction","target":["https:\/\/cfcc.edu\/admissions\/bienvenidos\/"]}]},{"@type":"BreadcrumbList","@id":"https:\/\/cfcc.edu\/admissions\/bienvenidos\/#breadcrumb","itemListElement":[{"@type":"ListItem","position":1,"name":"Home","item":"https:\/\/cfcc.edu\/admissions\/"},{"@type":"ListItem","position":2,"name":"\u00a1Bienvenidos!"}]},{"@type":"WebSite","@id":"https:\/\/cfcc.edu\/admissions\/#website","url":"https:\/\/cfcc.edu\/admissions\/","name":"Admissions","description":"","potentialAction":[{"@type":"SearchAction","target":{"@type":"EntryPoint","urlTemplate":"https:\/\/cfcc.edu\/admissions\/?s={search_term_string}"},"query-input":"required name=search_term_string"}],"inLanguage":"en-US"}]}},"_links":{"self":[{"href":"https:\/\/cfcc.edu\/admissions\/wp-json\/wp\/v2\/pages\/1621"}],"collection":[{"href":"https:\/\/cfcc.edu\/admissions\/wp-json\/wp\/v2\/pages"}],"about":[{"href":"https:\/\/cfcc.edu\/admissions\/wp-json\/wp\/v2\/types\/page"}],"author":[{"embeddable":true,"href":"https:\/\/cfcc.edu\/admissions\/wp-json\/wp\/v2\/users\/55"}],"replies":[{"embeddable":true,"href":"https:\/\/cfcc.edu\/admissions\/wp-json\/wp\/v2\/comments?post=1621"}],"version-history":[{"count":29,"href":"https:\/\/cfcc.edu\/admissions\/wp-json\/wp\/v2\/pages\/1621\/revisions"}],"predecessor-version":[{"id":2212,"href":"https:\/\/cfcc.edu\/admissions\/wp-json\/wp\/v2\/pages\/1621\/revisions\/2212"}],"wp:featuredmedia":[{"embeddable":true,"href":"https:\/\/cfcc.edu\/admissions\/wp-json\/wp\/v2\/media\/1652"}],"wp:attachment":[{"href":"https:\/\/cfcc.edu\/admissions\/wp-json\/wp\/v2\/media?parent=1621"}],"curies":[{"name":"wp","href":"https:\/\/api.w.org\/{rel}","templated":true}]}}